{"id":644,"date":"2023-06-22T11:55:57","date_gmt":"2023-06-22T09:55:57","guid":{"rendered":"https:\/\/wodneogrodywejherowo.pl\/?page_id=644"},"modified":"2023-08-21T23:11:15","modified_gmt":"2023-08-21T21:11:15","slug":"korzystanie-z-kas-samoobslugowych","status":"publish","type":"page","link":"https:\/\/wodneogrodywejherowo.pl\/uk\/%d0%b2%d0%b8%d0%ba%d0%be%d1%80%d0%b8%d1%81%d1%82%d0%b0%d0%bd%d0%bd%d1%8f-%d1%81%d0%b0%d0%bc%d0%be%d0%be%d0%b1%d1%81%d0%bb%d1%83%d0%b3%d0%be%d0%b2%d1%83%d0%b2%d0%b0%d0%bd%d0%bd%d1%8f\/","title":{"rendered":"\u0412\u0438\u043a\u043e\u0440\u0438\u0441\u0442\u0430\u043d\u043d\u044f \u043a\u0430\u0441 \u0441\u0430\u043c\u043e\u043e\u0431\u0441\u043b\u0443\u0433\u043e\u0432\u0443\u0432\u0430\u043d\u043d\u044f"},"content":{"rendered":"<div data-elementor-type=\"wp-page\" data-elementor-id=\"644\" class=\"elementor elementor-644\" data-elementor-post-type=\"page\">\n\t\t\t\t\t\t<section class=\"elementor-section elementor-top-section elementor-element elementor-element-e52bf3a elementor-section-height-min-height elementor-section-items-bottom elementor-section-boxed elementor-section-height-default\" data-id=\"e52bf3a\" data-element_type=\"section\" data-e-type=\"section\" data-settings=\"{&quot;background_background&quot;:&quot;classic&quot;}\">\n\t\t\t\t\t\t\t<div class=\"elementor-background-overlay\"><\/div>\n\t\t\t\t\t\t\t<div class=\"elementor-container elementor-column-gap-default\">\n\t\t\t\t\t<div class=\"elementor-column elementor-col-100 elementor-top-column elementor-element elementor-element-aa24719\" data-id=\"aa24719\" data-element_type=\"column\" data-e-type=\"column\">\n\t\t\t<div class=\"elementor-widget-wrap elementor-element-populated\">\n\t\t\t\t\t\t<div class=\"elementor-element elementor-element-0c177a8 elementor-widget elementor-widget-heading\" data-id=\"0c177a8\" data-element_type=\"widget\" data-e-type=\"widget\" data-widget_type=\"heading.default\">\n\t\t\t\t<div class=\"elementor-widget-container\">\n\t\t\t\t\t<h1 class=\"elementor-heading-title elementor-size-default\">\u0412\u0438\u043a\u043e\u0440\u0438\u0441\u0442\u0430\u043d\u043d\u044f \u0441\u0430\u043c\u043e\u043e\u043a\u0443\u043f\u043b\u0435\u043d\u043d\u044f<\/h1>\t\t\t\t<\/div>\n\t\t\t\t<\/div>\n\t\t\t\t\t<\/div>\n\t\t<\/div>\n\t\t\t\t\t<\/div>\n\t\t<\/section>\n\t\t\t\t<section class=\"elementor-section elementor-top-section elementor-element elementor-element-f98bc4f elementor-section-boxed elementor-section-height-default elementor-section-height-default\" data-id=\"f98bc4f\" data-element_type=\"section\" data-e-type=\"section\">\n\t\t\t\t\t\t<div class=\"elementor-container elementor-column-gap-default\">\n\t\t\t\t\t<div class=\"elementor-column elementor-col-100 elementor-top-column elementor-element elementor-element-c0ea67f\" data-id=\"c0ea67f\" data-element_type=\"column\" data-e-type=\"column\">\n\t\t\t<div class=\"elementor-widget-wrap elementor-element-populated\">\n\t\t\t\t\t\t<section class=\"elementor-section elementor-inner-section elementor-element elementor-element-369b81d elementor-reverse-mobile elementor-section-boxed elementor-section-height-default elementor-section-height-default\" data-id=\"369b81d\" data-element_type=\"section\" data-e-type=\"section\" data-settings=\"{&quot;background_background&quot;:&quot;classic&quot;}\">\n\t\t\t\t\t\t<div class=\"elementor-container elementor-column-gap-no\">\n\t\t\t\t\t<div class=\"elementor-column elementor-col-100 elementor-inner-column elementor-element elementor-element-b660308\" data-id=\"b660308\" data-element_type=\"column\" data-e-type=\"column\" data-settings=\"{&quot;background_background&quot;:&quot;classic&quot;}\">\n\t\t\t<div class=\"elementor-widget-wrap elementor-element-populated\">\n\t\t\t\t\t<div class=\"elementor-background-overlay\"><\/div>\n\t\t\t\t\t\t<div class=\"elementor-element elementor-element-81b4a8e elementor-widget elementor-widget-heading\" data-id=\"81b4a8e\" data-element_type=\"widget\" data-e-type=\"widget\" data-widget_type=\"heading.default\">\n\t\t\t\t<div class=\"elementor-widget-container\">\n\t\t\t\t\t<h2 class=\"elementor-heading-title elementor-size-default\">\u0417\u0430\u0440\u0430\u0434\u0438 \u0412\u0430\u0448\u043e\u0433\u043e \u043a\u043e\u043c\u0444\u043e\u0440\u0442\u0443!<\/h2>\t\t\t\t<\/div>\n\t\t\t\t<\/div>\n\t\t\t\t<div class=\"elementor-element elementor-element-88d8289 elementor-widget-divider--separator-type-pattern elementor-widget-divider--view-line elementor-widget elementor-widget-divider\" data-id=\"88d8289\" data-element_type=\"widget\" data-e-type=\"widget\" data-widget_type=\"divider.default\">\n\t\t\t\t<div class=\"elementor-widget-container\">\n\t\t\t\t\t\t\t<div class=\"elementor-divider\" style=\"--divider-pattern-url: url(&quot;data:image\/svg+xml,%3Csvg xmlns=&#039;http:\/\/www.w3.org\/2000\/svg&#039; preserveAspectRatio=&#039;none&#039; overflow=&#039;visible&#039; height=&#039;100%&#039; viewBox=&#039;0 0 24 24&#039; fill=&#039;none&#039; stroke=&#039;black&#039; stroke-width=&#039;3&#039; stroke-linecap=&#039;square&#039; stroke-miterlimit=&#039;10&#039;%3E%3Cpath d=&#039;M0,6c6,0,0.9,11.1,6.9,11.1S18,6,24,6&#039;\/%3E%3C\/svg%3E&quot;);\">\n\t\t\t<span class=\"elementor-divider-separator\">\n\t\t\t\t\t\t<\/span>\n\t\t<\/div>\n\t\t\t\t\t\t<\/div>\n\t\t\t\t<\/div>\n\t\t\t\t<div class=\"elementor-element elementor-element-2f8a2a4 elementor-widget elementor-widget-heading\" data-id=\"2f8a2a4\" data-element_type=\"widget\" data-e-type=\"widget\" data-widget_type=\"heading.default\">\n\t\t\t\t<div class=\"elementor-widget-container\">\n\t\t\t\t\t<p class=\"elementor-heading-title elementor-size-default\">\u0420\u043e\u0437\u0440\u0430\u0445\u0443\u043d\u043a\u043e\u0432\u0438\u0439 \u0441\u0435\u0440\u0432\u0456\u0441<\/p>\t\t\t\t<\/div>\n\t\t\t\t<\/div>\n\t\t\t\t<div class=\"elementor-element elementor-element-75ca98e elementor-widget elementor-widget-text-editor\" data-id=\"75ca98e\" data-element_type=\"widget\" data-e-type=\"widget\" data-widget_type=\"text-editor.default\">\n\t\t\t\t<div class=\"elementor-widget-container\">\n\t\t\t\t\t\t\t\t\t<p>\u041d\u0430\u0448\u0430 \u0441\u0438\u0441\u0442\u0435\u043c\u0430 \u0441\u0430\u043c\u043e\u043e\u0431\u0441\u043b\u0443\u0433\u043e\u0432\u0443\u0432\u0430\u043d\u043d\u044f \u0456\u043d\u0442\u0443\u0457\u0442\u0438\u0432\u043d\u043e \u0437\u0440\u043e\u0437\u0443\u043c\u0456\u043b\u0430 \u0442\u0430 \u043f\u0440\u043e\u0441\u0442\u0430 \u0443 \u0432\u0438\u043a\u043e\u0440\u0438\u0441\u0442\u0430\u043d\u043d\u0456. \u041f\u0440\u043e\u0441\u0442\u043e \u0442\u043e\u0440\u043a\u043d\u0456\u0442\u044c\u0441\u044f \u0435\u043a\u0440\u0430\u043d\u0430, \u0449\u043e\u0431 \u043f\u043e\u0447\u0430\u0442\u0438 \u043f\u0440\u043e\u0446\u0435\u0441 \u043a\u0443\u043f\u0456\u0432\u043b\u0456 \u043a\u0432\u0438\u0442\u043a\u0430. \u041f\u043e\u0442\u0456\u043c \u043f\u0440\u043e\u0441\u0442\u043e \u0434\u043e\u0442\u0440\u0438\u043c\u0443\u0439\u0442\u0435\u0441\u044f \u0432\u043a\u0430\u0437\u0456\u0432\u043e\u043a \u043d\u0430 \u0435\u043a\u0440\u0430\u043d\u0456, \u0449\u043e\u0431 \u0432\u0438\u0431\u0440\u0430\u0442\u0438 \u0442\u0435\u0440\u043c\u0456\u043d \u0434\u0456\u0457 \u0432\u0430\u0448\u043e\u0433\u043e \u043a\u0432\u0438\u0442\u043a\u0430. \u041e\u0441\u0442\u0430\u043d\u043d\u0456\u0439 \u043a\u0440\u043e\u043a \u2013 \u0437\u0434\u0456\u0439\u0441\u043d\u0438\u0442\u0438 \u043e\u043f\u043b\u0430\u0442\u0443 \u0442\u0430 \u043e\u0442\u0440\u0438\u043c\u0430\u0442\u0438 \u0431\u0440\u0430\u0441\u043b\u0435\u0442\u0438.<\/p>\t\t\t\t\t\t\t\t<\/div>\n\t\t\t\t<\/div>\n\t\t\t\t<div class=\"elementor-element elementor-element-da59907 elementor-widget elementor-widget-heading\" data-id=\"da59907\" data-element_type=\"widget\" data-e-type=\"widget\" data-widget_type=\"heading.default\">\n\t\t\t\t<div class=\"elementor-widget-container\">\n\t\t\t\t\t<p class=\"elementor-heading-title elementor-size-default\">\u043a\u0432\u0438\u0442\u043a\u0438<\/p>\t\t\t\t<\/div>\n\t\t\t\t<\/div>\n\t\t\t\t<div class=\"elementor-element elementor-element-b70f8d1 elementor-widget elementor-widget-text-editor\" data-id=\"b70f8d1\" data-element_type=\"widget\" data-e-type=\"widget\" data-widget_type=\"text-editor.default\">\n\t\t\t\t<div class=\"elementor-widget-container\">\n\t\t\t\t\t\t\t\t\t<p>\u041f\u0456\u0441\u043b\u044f \u0437\u0430\u0432\u0435\u0440\u0448\u0435\u043d\u043d\u044f \u043e\u043f\u043b\u0430\u0442\u0438 \u0432\u0438 \u043e\u0442\u0440\u0438\u043c\u0430\u0454\u0442\u0435 \u0431\u0440\u0430\u0441\u043b\u0435\u0442, \u044f\u043a\u0438\u0439 \u0434\u043e\u0437\u0432\u043e\u043b\u0438\u0442\u044c \u0432\u0430\u043c \u043a\u043e\u0440\u0438\u0441\u0442\u0443\u0432\u0430\u0442\u0438\u0441\u044f \u0432\u0441\u0456\u043c\u0430 \u0430\u0442\u0440\u0430\u043a\u0446\u0456\u043e\u043d\u0430\u043c\u0438 \u043d\u0430\u0448\u043e\u0433\u043e \u0430\u043a\u0432\u0430\u043f\u0430\u0440\u043a\u0443. \u041a\u0430\u0441\u0438 \u0441\u0430\u043c\u043e\u043e\u0431\u0441\u043b\u0443\u0433\u043e\u0432\u0443\u0432\u0430\u043d\u043d\u044f \u0432\u0438\u0434\u0430\u044e\u0442\u044c \u043b\u0438\u0448\u0435 \u0437\u0432\u0438\u0447\u0430\u0439\u043d\u0456 \u043a\u0432\u0438\u0442\u043a\u0438.<\/p>\t\t\t\t\t\t\t\t<\/div>\n\t\t\t\t<\/div>\n\t\t\t\t<div class=\"elementor-element elementor-element-50c5537 elementor-widget elementor-widget-heading\" data-id=\"50c5537\" data-element_type=\"widget\" data-e-type=\"widget\" data-widget_type=\"heading.default\">\n\t\t\t\t<div class=\"elementor-widget-container\">\n\t\t\t\t\t<p class=\"elementor-heading-title elementor-size-default\">\u0423\u0412\u0410\u0413\u0410<\/p>\t\t\t\t<\/div>\n\t\t\t\t<\/div>\n\t\t\t\t<div class=\"elementor-element elementor-element-ef862b8 elementor-widget elementor-widget-text-editor\" data-id=\"ef862b8\" data-element_type=\"widget\" data-e-type=\"widget\" data-widget_type=\"text-editor.default\">\n\t\t\t\t<div class=\"elementor-widget-container\">\n\t\t\t\t\t\t\t\t\t<p>\u0410\u0432\u0442\u043e\u043c\u0430\u0442 \u043f\u0456\u0434\u0442\u0440\u0438\u043c\u0443\u0454 \u0442\u0456\u043b\u044c\u043a\u0438 \u0431\u0435\u0437\u0433\u043e\u0442\u0456\u0432\u043a\u043e\u0432\u0438\u0439 \u0440\u043e\u0437\u0440\u0430\u0445\u0443\u043d\u043e\u043a \u0456 \u0432\u0438\u0434\u0430\u0454 \u0437\u0432\u0438\u0447\u0430\u0439\u043d\u0456 \u043a\u0432\u0438\u0442\u043a\u0438<\/p>\t\t\t\t\t\t\t\t<\/div>\n\t\t\t\t<\/div>\n\t\t\t\t\t<\/div>\n\t\t<\/div>\n\t\t\t\t\t<\/div>\n\t\t<\/section>\n\t\t\t\t\t<\/div>\n\t\t<\/div>\n\t\t\t\t\t<\/div>\n\t\t<\/section>\n\t\t\t\t<section class=\"elementor-section elementor-top-section elementor-element elementor-element-200142a elementor-section-boxed elementor-section-height-default elementor-section-height-default\" data-id=\"200142a\" data-element_type=\"section\" data-e-type=\"section\">\n\t\t\t\t\t\t<div class=\"elementor-container elementor-column-gap-default\">\n\t\t\t\t\t<div class=\"elementor-column elementor-col-100 elementor-top-column elementor-element elementor-element-be470a8\" data-id=\"be470a8\" data-element_type=\"column\" data-e-type=\"column\" data-settings=\"{&quot;background_background&quot;:&quot;classic&quot;}\">\n\t\t\t<div class=\"elementor-widget-wrap elementor-element-populated\">\n\t\t\t\t\t\t<div class=\"elementor-element elementor-element-31b85c4 elementor-widget__width-initial elementor-widget elementor-widget-heading\" data-id=\"31b85c4\" data-element_type=\"widget\" data-e-type=\"widget\" data-widget_type=\"heading.default\">\n\t\t\t\t<div class=\"elementor-widget-container\">\n\t\t\t\t\t<h2 class=\"elementor-heading-title elementor-size-default\">\u0423 \u0440\u0430\u0437\u0456 \u0432\u0438\u043d\u0438\u043a\u043d\u0435\u043d\u043d\u044f \u0431\u0443\u0434\u044c-\u044f\u043a\u0438\u0445 \u043f\u0438\u0442\u0430\u043d\u044c \u0430\u0431\u043e \u043f\u0440\u043e\u0431\u043b\u0435\u043c, \u043f\u043e\u0432&#039;\u044f\u0437\u0430\u043d\u0438\u0445 \u0437 \u0432\u0438\u043a\u043e\u0440\u0438\u0441\u0442\u0430\u043d\u043d\u044f\u043c \u043a\u0430\u0441 \u0441\u0430\u043c\u043e\u043e\u0431\u0441\u043b\u0443\u0433\u043e\u0432\u0443\u0432\u0430\u043d\u043d\u044f, \u0432\u0438 \u0437\u0430\u0432\u0436\u0434\u0438 \u043c\u043e\u0436\u0435\u0442\u0435 \u0440\u043e\u0437\u0440\u0430\u0445\u043e\u0432\u0443\u0432\u0430\u0442\u0438 \u043d\u0430 \u0434\u043e\u043f\u043e\u043c\u043e\u0433\u0443 \u043d\u0430\u0448\u043e\u0433\u043e \u043f\u0440\u0438\u0432\u0456\u0442\u043d\u043e\u0433\u043e \u043f\u0435\u0440\u0441\u043e\u043d\u0430\u043b\u0443. \u041d\u0430\u0448\u0456 \u0441\u043f\u0456\u0432\u0440\u043e\u0431\u0456\u0442\u043d\u0438\u043a\u0438 \u0434\u043e\u0441\u0442\u0443\u043f\u043d\u0456 \u0431\u0456\u043b\u044f \u043a\u0430\u0441, \u0433\u043e\u0442\u043e\u0432\u0456 \u043d\u0430\u0434\u0430\u0442\u0438 \u0432\u0430\u043c \u043d\u0435\u043e\u0431\u0445\u0456\u0434\u043d\u0456 \u043f\u043e\u0440\u0430\u0434\u0438 \u0442\u0430 \u0456\u043d\u0441\u0442\u0440\u0443\u043a\u0446\u0456\u0457<\/h2>\t\t\t\t<\/div>\n\t\t\t\t<\/div>\n\t\t\t\t\t<\/div>\n\t\t<\/div>\n\t\t\t\t\t<\/div>\n\t\t<\/section>\n\t\t\t\t<\/div>","protected":false},"excerpt":{"rendered":"<p>Korzystanie z kasy samoobs\u0142ugowej W trosce o Tw\u00f3j komfort! Obs\u0142uga kas Nasz system samoobs\u0142ugowy jest intuicyjny i \u0142atwy w obs\u0142udze. Wystarczy dotkn\u0105\u0107 ekranu, aby rozpocz\u0105\u0107 proces zakupu biletu. Nast\u0119pnie wystarczy post\u0119powa\u0107 zgodnie z wy\u015bwietlanymi na ekranie instrukcjami, aby wybra\u0107 okres wa\u017cno\u015bci biletu. Ostatnim krokiem jest dokonanie p\u0142atno\u015bci oraz odebranie opasek. bilety Po zako\u0144czeniu p\u0142atno\u015bci otrzymasz [&hellip;]<\/p>\n","protected":false},"author":6,"featured_media":0,"parent":0,"menu_order":0,"comment_status":"closed","ping_status":"closed","template":"elementor_header_footer","meta":{"om_disable_all_campaigns":false,"_monsterinsights_skip_tracking":false,"_monsterinsights_sitenote_active":false,"_monsterinsights_sitenote_note":"","_monsterinsights_sitenote_category":0,"footnotes":""},"class_list":["post-644","page","type-page","status-publish","hentry","entry"],"aioseo_notices":[],"_links":{"self":[{"href":"https:\/\/wodneogrodywejherowo.pl\/uk\/wp-json\/wp\/v2\/pages\/644","targetHints":{"allow":["GET"]}}],"collection":[{"href":"https:\/\/wodneogrodywejherowo.pl\/uk\/wp-json\/wp\/v2\/pages"}],"about":[{"href":"https:\/\/wodneogrodywejherowo.pl\/uk\/wp-json\/wp\/v2\/types\/page"}],"author":[{"embeddable":true,"href":"https:\/\/wodneogrodywejherowo.pl\/uk\/wp-json\/wp\/v2\/users\/6"}],"replies":[{"embeddable":true,"href":"https:\/\/wodneogrodywejherowo.pl\/uk\/wp-json\/wp\/v2\/comments?post=644"}],"version-history":[{"count":25,"href":"https:\/\/wodneogrodywejherowo.pl\/uk\/wp-json\/wp\/v2\/pages\/644\/revisions"}],"predecessor-version":[{"id":1593,"href":"https:\/\/wodneogrodywejherowo.pl\/uk\/wp-json\/wp\/v2\/pages\/644\/revisions\/1593"}],"wp:attachment":[{"href":"https:\/\/wodneogrodywejherowo.pl\/uk\/wp-json\/wp\/v2\/media?parent=644"}],"curies":[{"name":"wp","href":"https:\/\/api.w.org\/{rel}","templated":true}]}}