{"id":604,"date":"2023-06-21T14:47:42","date_gmt":"2023-06-21T12:47:42","guid":{"rendered":"https:\/\/wodneogrodywejherowo.pl\/?page_id=604"},"modified":"2023-08-10T14:15:59","modified_gmt":"2023-08-10T12:15:59","slug":"dojazd-i-parking","status":"publish","type":"page","link":"https:\/\/wodneogrodywejherowo.pl\/uk\/%d0%bf%d1%96%d0%b4%d1%97%d0%b7%d0%b4-%d1%82%d0%b0-%d0%bf%d0%b0%d1%80%d0%ba%d1%83%d0%b2%d0%b0%d0%bd%d0%bd%d1%8f\/","title":{"rendered":"\u041f\u0456\u0434&#039;\u0457\u0437\u0434 \u0442\u0430 \u043f\u0430\u0440\u043a\u043e\u0432\u043a\u0430"},"content":{"rendered":"<div data-elementor-type=\"wp-page\" data-elementor-id=\"604\" class=\"elementor elementor-604\" data-elementor-post-type=\"page\">\n\t\t\t\t\t\t<section class=\"elementor-section elementor-top-section elementor-element elementor-element-dee944e elementor-section-height-min-height elementor-section-items-bottom elementor-section-boxed elementor-section-height-default\" data-id=\"dee944e\" data-element_type=\"section\" data-e-type=\"section\" data-settings=\"{&quot;background_background&quot;:&quot;classic&quot;}\">\n\t\t\t\t\t\t\t<div class=\"elementor-background-overlay\"><\/div>\n\t\t\t\t\t\t\t<div class=\"elementor-container elementor-column-gap-default\">\n\t\t\t\t\t<div class=\"elementor-column elementor-col-100 elementor-top-column elementor-element elementor-element-60b8773\" data-id=\"60b8773\" data-element_type=\"column\" data-e-type=\"column\">\n\t\t\t<div class=\"elementor-widget-wrap elementor-element-populated\">\n\t\t\t\t\t\t<div class=\"elementor-element elementor-element-9469c85 elementor-widget elementor-widget-heading\" data-id=\"9469c85\" data-element_type=\"widget\" data-e-type=\"widget\" data-widget_type=\"heading.default\">\n\t\t\t\t<div class=\"elementor-widget-container\">\n\t\t\t\t\t<h1 class=\"elementor-heading-title elementor-size-default\">\u041f\u0456\u0434&#039;\u0457\u0437\u0434 \u0442\u0430 \u043f\u0430\u0440\u043a\u043e\u0432\u043a\u0430<\/h1>\t\t\t\t<\/div>\n\t\t\t\t<\/div>\n\t\t\t\t\t<\/div>\n\t\t<\/div>\n\t\t\t\t\t<\/div>\n\t\t<\/section>\n\t\t\t\t<section class=\"elementor-section elementor-top-section elementor-element elementor-element-7fc022c elementor-reverse-mobile elementor-section-boxed elementor-section-height-default elementor-section-height-default\" data-id=\"7fc022c\" data-element_type=\"section\" data-e-type=\"section\" data-settings=\"{&quot;background_background&quot;:&quot;classic&quot;}\">\n\t\t\t\t\t\t<div class=\"elementor-container elementor-column-gap-no\">\n\t\t\t\t\t<div class=\"elementor-column elementor-col-100 elementor-top-column elementor-element elementor-element-6370a96\" data-id=\"6370a96\" data-element_type=\"column\" data-e-type=\"column\" data-settings=\"{&quot;background_background&quot;:&quot;classic&quot;}\">\n\t\t\t<div class=\"elementor-widget-wrap elementor-element-populated\">\n\t\t\t\t\t<div class=\"elementor-background-overlay\"><\/div>\n\t\t\t\t\t\t<section class=\"elementor-section elementor-inner-section elementor-element elementor-element-42a8ae3 elementor-section-boxed elementor-section-height-default elementor-section-height-default\" data-id=\"42a8ae3\" data-element_type=\"section\" data-e-type=\"section\">\n\t\t\t\t\t\t<div class=\"elementor-container elementor-column-gap-default\">\n\t\t\t\t\t<div class=\"elementor-column elementor-col-100 elementor-inner-column elementor-element elementor-element-fac3cd4\" data-id=\"fac3cd4\" data-element_type=\"column\" data-e-type=\"column\">\n\t\t\t<div class=\"elementor-widget-wrap elementor-element-populated\">\n\t\t\t\t\t\t<div class=\"elementor-element elementor-element-5066444 elementor-widget elementor-widget-heading\" data-id=\"5066444\" data-element_type=\"widget\" data-e-type=\"widget\" data-widget_type=\"heading.default\">\n\t\t\t\t<div class=\"elementor-widget-container\">\n\t\t\t\t\t<h2 class=\"elementor-heading-title elementor-size-default\">\u0414\u0440\u0430\u0439\u0432<\/h2>\t\t\t\t<\/div>\n\t\t\t\t<\/div>\n\t\t\t\t<div class=\"elementor-element elementor-element-0c4953c elementor-widget-tablet__width-initial elementor-widget-divider--separator-type-pattern elementor-widget-divider--view-line elementor-widget elementor-widget-divider\" data-id=\"0c4953c\" data-element_type=\"widget\" data-e-type=\"widget\" data-widget_type=\"divider.default\">\n\t\t\t\t<div class=\"elementor-widget-container\">\n\t\t\t\t\t\t\t<div class=\"elementor-divider\" style=\"--divider-pattern-url: url(&quot;data:image\/svg+xml,%3Csvg xmlns=&#039;http:\/\/www.w3.org\/2000\/svg&#039; preserveAspectRatio=&#039;none&#039; overflow=&#039;visible&#039; height=&#039;100%&#039; viewBox=&#039;0 0 24 24&#039; fill=&#039;none&#039; stroke=&#039;black&#039; stroke-width=&#039;3&#039; stroke-linecap=&#039;square&#039; stroke-miterlimit=&#039;10&#039;%3E%3Cpath d=&#039;M0,6c6,0,0.9,11.1,6.9,11.1S18,6,24,6&#039;\/%3E%3C\/svg%3E&quot;);\">\n\t\t\t<span class=\"elementor-divider-separator\">\n\t\t\t\t\t\t<\/span>\n\t\t<\/div>\n\t\t\t\t\t\t<\/div>\n\t\t\t\t<\/div>\n\t\t\t\t\t<\/div>\n\t\t<\/div>\n\t\t\t\t\t<\/div>\n\t\t<\/section>\n\t\t\t\t<section class=\"elementor-section elementor-inner-section elementor-element elementor-element-d289da1 elementor-section-boxed elementor-section-height-default elementor-section-height-default\" data-id=\"d289da1\" data-element_type=\"section\" data-e-type=\"section\">\n\t\t\t\t\t\t<div class=\"elementor-container elementor-column-gap-default\">\n\t\t\t\t\t<div class=\"elementor-column elementor-col-100 elementor-inner-column elementor-element elementor-element-14490a6\" data-id=\"14490a6\" data-element_type=\"column\" data-e-type=\"column\">\n\t\t\t<div class=\"elementor-widget-wrap elementor-element-populated\">\n\t\t\t\t\t\t<div class=\"elementor-element elementor-element-d1684e2 elementor-widget elementor-widget-heading\" data-id=\"d1684e2\" data-element_type=\"widget\" data-e-type=\"widget\" data-widget_type=\"heading.default\">\n\t\t\t\t<div class=\"elementor-widget-container\">\n\t\t\t\t\t<p class=\"elementor-heading-title elementor-size-default\">\u0413\u0440\u043e\u043c\u0430\u0434\u0441\u044c\u043a\u0438\u043c \u0442\u0440\u0430\u043d\u0441\u043f\u043e\u0440\u0442\u043e\u043c<\/p>\t\t\t\t<\/div>\n\t\t\t\t<\/div>\n\t\t\t\t<div class=\"elementor-element elementor-element-246bf1c elementor-widget elementor-widget-text-editor\" data-id=\"246bf1c\" data-element_type=\"widget\" data-e-type=\"widget\" data-widget_type=\"text-editor.default\">\n\t\t\t\t<div class=\"elementor-widget-container\">\n\t\t\t\t\t\t\t\t\t<p>\u041d\u0435\u043f\u043e\u0434\u0430\u043b\u0456\u043a \u0432\u0456\u0434 \u043d\u0430\u0448\u043e\u0433\u043e \u0430\u043a\u0432\u0430\u043f\u0430\u0440\u043a\u0443 \u0437\u043d\u0430\u0445\u043e\u0434\u0438\u0442\u044c\u0441\u044f \u0437\u0430\u043b\u0456\u0437\u043d\u0438\u0447\u043d\u0430 \u0441\u0442\u0430\u043d\u0446\u0456\u044f Wejherowo, \u044f\u043a\u0430 \u0437\u0430\u0431\u0435\u0437\u043f\u0435\u0447\u0443\u0454 \u0447\u0443\u0434\u043e\u0432\u0435 \u0441\u043f\u043e\u043b\u0443\u0447\u0435\u043d\u043d\u044f \u0437 Tri-City \u0442\u043e\u0449\u043e. \u0423 \u0432\u0430\u0448\u043e\u043c\u0443 \u0440\u043e\u0437\u043f\u043e\u0440\u044f\u0434\u0436\u0435\u043d\u043d\u0456 \u0442\u0430\u043a\u043e\u0436 \u0433\u0440\u043e\u043c\u0430\u0434\u0441\u044c\u043a\u0456 \u0430\u0432\u0442\u043e\u0431\u0443\u0441\u0438, \u0449\u043e \u043a\u0443\u0440\u0441\u0443\u044e\u0442\u044c \u044f\u043a \u0443 \u043c\u0435\u0436\u0430\u0445 \u043c\u0456\u0441\u0442\u0430, \u0442\u0430\u043a \u0456 \u0432 \u043f\u0440\u0438\u043b\u0435\u0433\u043b\u0438\u0445 \u043c\u0456\u0441\u0442\u0430\u0445. \u0423 \u0413\u0434\u0430\u043d\u0441\u044c\u043a\u0443 \u0442\u0430\u043a\u043e\u0436 \u0454 \u0430\u0435\u0440\u043e\u043f\u043e\u0440\u0442. \u041b\u0435\u0445 \u0412\u0430\u043b\u0435\u043d\u0441\u0430. \u041a\u0440\u0456\u043c \u0442\u043e\u0433\u043e, Tri-City \u043c\u0430\u0454 \u0448\u0438\u0440\u043e\u043a\u0443 \u043c\u0435\u0440\u0435\u0436\u0443 \u043f\u043e\u0440\u043e\u043c\u043d\u0438\u0445 \u043f\u0435\u0440\u0435\u043f\u0440\u0430\u0432.<\/p>\t\t\t\t\t\t\t\t<\/div>\n\t\t\t\t<\/div>\n\t\t\t\t\t<\/div>\n\t\t<\/div>\n\t\t\t\t\t<\/div>\n\t\t<\/section>\n\t\t\t\t<section class=\"elementor-section elementor-inner-section elementor-element elementor-element-a17ab0b elementor-section-boxed elementor-section-height-default elementor-section-height-default\" data-id=\"a17ab0b\" data-element_type=\"section\" data-e-type=\"section\">\n\t\t\t\t\t\t<div class=\"elementor-container elementor-column-gap-default\">\n\t\t\t\t\t<div class=\"elementor-column elementor-col-100 elementor-inner-column elementor-element elementor-element-038547d\" data-id=\"038547d\" data-element_type=\"column\" data-e-type=\"column\">\n\t\t\t<div class=\"elementor-widget-wrap elementor-element-populated\">\n\t\t\t\t\t\t<div class=\"elementor-element elementor-element-70a1321 elementor-widget elementor-widget-heading\" data-id=\"70a1321\" data-element_type=\"widget\" data-e-type=\"widget\" data-widget_type=\"heading.default\">\n\t\t\t\t<div class=\"elementor-widget-container\">\n\t\t\t\t\t<p class=\"elementor-heading-title elementor-size-default\">\u0410\u0432\u0442\u043e\u043c\u043e\u0431\u0456\u043b\u0435\u043c<\/p>\t\t\t\t<\/div>\n\t\t\t\t<\/div>\n\t\t\t\t<div class=\"elementor-element elementor-element-7ac45a2 elementor-widget elementor-widget-text-editor\" data-id=\"7ac45a2\" data-element_type=\"widget\" data-e-type=\"widget\" data-widget_type=\"text-editor.default\">\n\t\t\t\t<div class=\"elementor-widget-container\">\n\t\t\t\t\t\t\t\t\t<p>\u0423 \u043d\u0430\u0448\u043e\u043c\u0443 \u0437\u0430\u043a\u043b\u0430\u0434\u0456 \u0454 \u0434\u0432\u0456 \u043f\u0430\u0440\u043a\u0443\u0432\u0430\u043b\u044c\u043d\u0456 \u0437\u043e\u043d\u0438 \u0432\u0456\u0434 \u0432\u0443\u043b. \u0421\u0442\u0448\u0435\u043b\u0435\u0446\u044c\u043a\u043e\u0457 \u0442\u0430 \u0432\u0443\u043b. \u041a\u0430\u043b\u044c\u0432\u0430\u0440\u0456\u0439\u0441\u044c\u043a\u0430. \u041a\u0440\u0456\u043c \u0442\u043e\u0433\u043e, \u043d\u0430 \u0442\u0435\u0440\u0438\u0442\u043e\u0440\u0456\u0457 \u0454 \u043a\u0456\u043b\u044c\u043a\u0430 \u043f\u0430\u0440\u043a\u0456\u043d\u0433\u0456\u0432:<\/p>\n<ul>\n<li>\u041f\u0430\u0440\u043a\u043e\u0432\u043a\u0430 \u043d\u0430\u0432\u043f\u0440\u043e\u0442\u0438 \u041a\u0443\u043b\u044c\u0442\u0443\u0440\u043d\u043e\u0433\u043e \u0446\u0435\u043d\u0442\u0440\u0443 Wejherowo \u043d\u0430 \u0432\u0443\u043b. \u042f\u043d III \u0421\u043e\u0431\u0435\u0441\u044c\u043a\u0438\u0439 255.<\/li>\n<li>\u041d\u0430 \u0432\u0443\u043b. \u0410\u043d\u043d\u0438 \u0432 \u043c\u0456\u0441\u044c\u043a\u043e\u043c\u0443 \u043f\u0430\u0440\u043a\u0443.<\/li>\n<li>\u0423 \u041a\u0430\u043b\u044c\u0432\u0430\u0440\u0456\u0457 \u0412\u0435\u0439\u0433\u0435\u0440\u043e\u0432\u0441\u044c\u043a\u0456\u0439 \u043d\u0430 \u0442\u0440\u0430\u0434\u0438\u0446\u0456\u0439\u043d\u043e\u043c\u0443 \u043c\u0456\u0441\u0446\u0456 \u043f\u0430\u043b\u043e\u043c\u043d\u0438\u0446\u0442\u0432\u0430.<\/li>\n<\/ul>\t\t\t\t\t\t\t\t<\/div>\n\t\t\t\t<\/div>\n\t\t\t\t<div class=\"elementor-element elementor-element-454bb2e elementor-widget elementor-widget-spacer\" data-id=\"454bb2e\" data-element_type=\"widget\" data-e-type=\"widget\" data-widget_type=\"spacer.default\">\n\t\t\t\t<div class=\"elementor-widget-container\">\n\t\t\t\t\t\t\t<div class=\"elementor-spacer\">\n\t\t\t<div class=\"elementor-spacer-inner\"><\/div>\n\t\t<\/div>\n\t\t\t\t\t\t<\/div>\n\t\t\t\t<\/div>\n\t\t\t\t\t<\/div>\n\t\t<\/div>\n\t\t\t\t\t<\/div>\n\t\t<\/section>\n\t\t\t\t<div class=\"elementor-element elementor-element-6eb5ab4 elementor-widget__width-initial elementor-widget elementor-widget-heading\" data-id=\"6eb5ab4\" data-element_type=\"widget\" data-e-type=\"widget\" data-widget_type=\"heading.default\">\n\t\t\t\t<div class=\"elementor-widget-container\">\n\t\t\t\t\t<h2 class=\"elementor-heading-title elementor-size-default\">\u041f\u0430\u0440\u043a\u043e\u0432\u043a\u0430 \u0434\u043b\u044f \u0430\u0432\u0442\u043e\u0431\u0443\u0441\u0456\u0432 \u0437\u043d\u0430\u0445\u043e\u0434\u0438\u0442\u044c\u0441\u044f \u0432 Kalwaria Wejherowska \u0432 \u0442\u0440\u0430\u0434\u0438\u0446\u0456\u0439\u043d\u043e\u043c\u0443 \u043c\u0456\u0441\u0446\u0456 \u043f\u0430\u043b\u043e\u043c\u043d\u0438\u0446\u0442\u0432\u0430 \u043d\u0430 \u0432\u0443\u043b\u0438\u0446\u0456 Strzelecka 27.<\/h2>\t\t\t\t<\/div>\n\t\t\t\t<\/div>\n\t\t\t\t\t<\/div>\n\t\t<\/div>\n\t\t\t\t\t<\/div>\n\t\t<\/section>\n\t\t\t\t<section class=\"elementor-section elementor-top-section elementor-element elementor-element-f7cf2ea elementor-section-full_width elementor-section-height-default elementor-section-height-default\" data-id=\"f7cf2ea\" data-element_type=\"section\" data-e-type=\"section\">\n\t\t\t\t\t\t<div class=\"elementor-container elementor-column-gap-no\">\n\t\t\t\t\t<div class=\"elementor-column elementor-col-100 elementor-top-column elementor-element elementor-element-c5d6323\" data-id=\"c5d6323\" data-element_type=\"column\" data-e-type=\"column\">\n\t\t\t<div class=\"elementor-widget-wrap elementor-element-populated\">\n\t\t\t\t\t\t<div class=\"elementor-element elementor-element-368e161 elementor-widget elementor-widget-google_maps\" data-id=\"368e161\" data-element_type=\"widget\" data-e-type=\"widget\" data-widget_type=\"google_maps.default\">\n\t\t\t\t<div class=\"elementor-widget-container\">\n\t\t\t\t\t\t\t<div class=\"elementor-custom-embed\">\n\t\t\t<iframe loading=\"lazy\"\n\t\t\t\t\tsrc=\"https:\/\/maps.google.com\/maps?q=Centrum%20integracji%20spo%C5%82ecznej%20%22Wodne%20ogrody%22%2C%20Wejherowo&#038;t=m&#038;z=18&#038;output=embed&#038;iwloc=near\"\n\t\t\t\t\ttitle=\"\u0426\u0435\u043d\u0442\u0440 \u0441\u043e\u0446\u0456\u0430\u043b\u044c\u043d\u043e\u0457 \u0456\u043d\u0442\u0435\u0433\u0440\u0430\u0446\u0456\u0457 &quot;Water Gardens&quot;, Wejherowo\"\n\t\t\t\t\taria-label=\"\u0426\u0435\u043d\u0442\u0440 \u0441\u043e\u0446\u0456\u0430\u043b\u044c\u043d\u043e\u0457 \u0456\u043d\u0442\u0435\u0433\u0440\u0430\u0446\u0456\u0457 &quot;Water Gardens&quot;, Wejherowo\"\n\t\t\t><\/iframe>\n\t\t<\/div>\n\t\t\t\t\t\t<\/div>\n\t\t\t\t<\/div>\n\t\t\t\t\t<\/div>\n\t\t<\/div>\n\t\t\t\t\t<\/div>\n\t\t<\/section>\n\t\t\t\t<section class=\"elementor-section elementor-top-section elementor-element elementor-element-b0bf413 elementor-section-boxed elementor-section-height-default elementor-section-height-default\" data-id=\"b0bf413\" data-element_type=\"section\" data-e-type=\"section\">\n\t\t\t\t\t\t<div class=\"elementor-container elementor-column-gap-default\">\n\t\t\t\t\t<div class=\"elementor-column elementor-col-100 elementor-top-column elementor-element elementor-element-c5708cc\" data-id=\"c5708cc\" data-element_type=\"column\" data-e-type=\"column\">\n\t\t\t<div class=\"elementor-widget-wrap elementor-element-populated\">\n\t\t\t\t\t\t\t<\/div>\n\t\t<\/div>\n\t\t\t\t\t<\/div>\n\t\t<\/section>\n\t\t\t\t<\/div>","protected":false},"excerpt":{"rendered":"<p>Dojazd i parking Dojazd Transportem publicznym W okolicy naszego parku wodnego znajduje si\u0119 Dworzec PKP Wejherowo, kt\u00f3ry zapewnia znakomite po\u0142\u0105czenie z Tr\u00f3jmiastem i nie tylko. Do Pa\u0144skiej dyspozycji s\u0105 r\u00f3wnie\u017c po\u0142\u0105czenia autobusowe komunikacji miejskiej, kursuj\u0105ce zar\u00f3wno w obr\u0119bie miasta jak i w okolicznych miejscowo\u015bciach. W Gda\u0144sku znajduje si\u0119 r\u00f3wnie\u017c Port Lotniczy im. Lecha Wa\u0142\u0119sy. Dodatkowo [&hellip;]<\/p>\n","protected":false},"author":6,"featured_media":0,"parent":0,"menu_order":0,"comment_status":"closed","ping_status":"closed","template":"elementor_header_footer","meta":{"om_disable_all_campaigns":false,"_monsterinsights_skip_tracking":false,"_monsterinsights_sitenote_active":false,"_monsterinsights_sitenote_note":"","_monsterinsights_sitenote_category":0,"footnotes":""},"class_list":["post-604","page","type-page","status-publish","hentry","entry"],"aioseo_notices":[],"_links":{"self":[{"href":"https:\/\/wodneogrodywejherowo.pl\/uk\/wp-json\/wp\/v2\/pages\/604","targetHints":{"allow":["GET"]}}],"collection":[{"href":"https:\/\/wodneogrodywejherowo.pl\/uk\/wp-json\/wp\/v2\/pages"}],"about":[{"href":"https:\/\/wodneogrodywejherowo.pl\/uk\/wp-json\/wp\/v2\/types\/page"}],"author":[{"embeddable":true,"href":"https:\/\/wodneogrodywejherowo.pl\/uk\/wp-json\/wp\/v2\/users\/6"}],"replies":[{"embeddable":true,"href":"https:\/\/wodneogrodywejherowo.pl\/uk\/wp-json\/wp\/v2\/comments?post=604"}],"version-history":[{"count":85,"href":"https:\/\/wodneogrodywejherowo.pl\/uk\/wp-json\/wp\/v2\/pages\/604\/revisions"}],"predecessor-version":[{"id":1459,"href":"https:\/\/wodneogrodywejherowo.pl\/uk\/wp-json\/wp\/v2\/pages\/604\/revisions\/1459"}],"wp:attachment":[{"href":"https:\/\/wodneogrodywejherowo.pl\/uk\/wp-json\/wp\/v2\/media?parent=604"}],"curies":[{"name":"wp","href":"https:\/\/api.w.org\/{rel}","templated":true}]}}