{"id":545,"date":"2023-06-20T14:07:49","date_gmt":"2023-06-20T12:07:49","guid":{"rendered":"https:\/\/wodneogrodywejherowo.pl\/?page_id=545"},"modified":"2023-08-03T10:58:54","modified_gmt":"2023-08-03T08:58:54","slug":"karta-mieszkanca","status":"publish","type":"page","link":"https:\/\/wodneogrodywejherowo.pl\/uk\/%d0%ba%d0%b0%d1%80%d1%82%d0%b0-%d1%80%d0%b5%d0%b7%d0%b8%d0%b4%d0%b5%d0%bd%d1%82%d0%b0\/","title":{"rendered":"\u041a\u0430\u0440\u0442\u0430 \u0440\u0435\u0437\u0438\u0434\u0435\u043d\u0442\u0430"},"content":{"rendered":"<div data-elementor-type=\"wp-page\" data-elementor-id=\"545\" class=\"elementor elementor-545\" data-elementor-post-type=\"page\">\n\t\t\t\t\t\t<section class=\"elementor-section elementor-top-section elementor-element elementor-element-0d74a88 elementor-section-height-min-height elementor-section-items-bottom elementor-section-boxed elementor-section-height-default\" data-id=\"0d74a88\" data-element_type=\"section\" data-e-type=\"section\" data-settings=\"{&quot;background_background&quot;:&quot;classic&quot;}\">\n\t\t\t\t\t\t\t<div class=\"elementor-background-overlay\"><\/div>\n\t\t\t\t\t\t\t<div class=\"elementor-container elementor-column-gap-default\">\n\t\t\t\t\t<div class=\"elementor-column elementor-col-100 elementor-top-column elementor-element elementor-element-d8534d2\" data-id=\"d8534d2\" data-element_type=\"column\" data-e-type=\"column\">\n\t\t\t<div class=\"elementor-widget-wrap elementor-element-populated\">\n\t\t\t\t\t\t<div class=\"elementor-element elementor-element-3cd6dbd elementor-widget elementor-widget-heading\" data-id=\"3cd6dbd\" data-element_type=\"widget\" data-e-type=\"widget\" data-widget_type=\"heading.default\">\n\t\t\t\t<div class=\"elementor-widget-container\">\n\t\t\t\t\t<h1 class=\"elementor-heading-title elementor-size-default\">\u041a\u0430\u0440\u0442\u0430 \u0440\u0435\u0437\u0438\u0434\u0435\u043d\u0442\u0430<\/h1>\t\t\t\t<\/div>\n\t\t\t\t<\/div>\n\t\t\t\t\t<\/div>\n\t\t<\/div>\n\t\t\t\t\t<\/div>\n\t\t<\/section>\n\t\t\t\t<section class=\"elementor-section elementor-top-section elementor-element elementor-element-ea0e98f elementor-section-boxed elementor-section-height-default elementor-section-height-default\" data-id=\"ea0e98f\" data-element_type=\"section\" data-e-type=\"section\">\n\t\t\t\t\t\t<div class=\"elementor-container elementor-column-gap-default\">\n\t\t\t\t\t<div class=\"elementor-column elementor-col-100 elementor-top-column elementor-element elementor-element-a0c59da\" data-id=\"a0c59da\" data-element_type=\"column\" data-e-type=\"column\">\n\t\t\t<div class=\"elementor-widget-wrap elementor-element-populated\">\n\t\t\t\t\t\t<section class=\"elementor-section elementor-inner-section elementor-element elementor-element-1e70b41 elementor-reverse-mobile elementor-section-boxed elementor-section-height-default elementor-section-height-default\" data-id=\"1e70b41\" data-element_type=\"section\" data-e-type=\"section\" data-settings=\"{&quot;background_background&quot;:&quot;classic&quot;}\">\n\t\t\t\t\t\t<div class=\"elementor-container elementor-column-gap-no\">\n\t\t\t\t\t<div class=\"elementor-column elementor-col-50 elementor-inner-column elementor-element elementor-element-f9de740\" data-id=\"f9de740\" data-element_type=\"column\" data-e-type=\"column\" data-settings=\"{&quot;background_background&quot;:&quot;classic&quot;}\">\n\t\t\t<div class=\"elementor-widget-wrap elementor-element-populated\">\n\t\t\t\t\t<div class=\"elementor-background-overlay\"><\/div>\n\t\t\t\t\t\t<div class=\"elementor-element elementor-element-334827a elementor-widget elementor-widget-heading\" data-id=\"334827a\" data-element_type=\"widget\" data-e-type=\"widget\" data-widget_type=\"heading.default\">\n\t\t\t\t<div class=\"elementor-widget-container\">\n\t\t\t\t\t<p class=\"elementor-heading-title elementor-size-default\">\u041a\u0430\u0440\u0442\u0430 \u0436\u0438\u0442\u0435\u043b\u044f \u0412\u0435\u0439\u0445\u0435\u0440\u043e\u0432\u043e<\/p>\t\t\t\t<\/div>\n\t\t\t\t<\/div>\n\t\t\t\t<div class=\"elementor-element elementor-element-e4a8605 elementor-widget elementor-widget-heading\" data-id=\"e4a8605\" data-element_type=\"widget\" data-e-type=\"widget\" data-widget_type=\"heading.default\">\n\t\t\t\t<div class=\"elementor-widget-container\">\n\t\t\t\t\t<h2 class=\"elementor-heading-title elementor-size-default\">\u043e\u0434\u043d\u0430 \u043a\u0430\u0440\u0442\u0430.<br>\u0411\u0430\u0433\u0430\u0442\u043e \u043c\u043e\u0436\u043b\u0438\u0432\u043e\u0441\u0442\u0435\u0439!<\/h2>\t\t\t\t<\/div>\n\t\t\t\t<\/div>\n\t\t\t\t<div class=\"elementor-element elementor-element-2f026df elementor-widget-divider--separator-type-pattern elementor-widget-divider--view-line elementor-widget elementor-widget-divider\" data-id=\"2f026df\" data-element_type=\"widget\" data-e-type=\"widget\" data-widget_type=\"divider.default\">\n\t\t\t\t<div class=\"elementor-widget-container\">\n\t\t\t\t\t\t\t<div class=\"elementor-divider\" style=\"--divider-pattern-url: url(&quot;data:image\/svg+xml,%3Csvg xmlns=&#039;http:\/\/www.w3.org\/2000\/svg&#039; preserveAspectRatio=&#039;none&#039; overflow=&#039;visible&#039; height=&#039;100%&#039; viewBox=&#039;0 0 24 24&#039; fill=&#039;none&#039; stroke=&#039;black&#039; stroke-width=&#039;3&#039; stroke-linecap=&#039;square&#039; stroke-miterlimit=&#039;10&#039;%3E%3Cpath d=&#039;M0,6c6,0,0.9,11.1,6.9,11.1S18,6,24,6&#039;\/%3E%3C\/svg%3E&quot;);\">\n\t\t\t<span class=\"elementor-divider-separator\">\n\t\t\t\t\t\t<\/span>\n\t\t<\/div>\n\t\t\t\t\t\t<\/div>\n\t\t\t\t<\/div>\n\t\t\t\t<div class=\"elementor-element elementor-element-f93a6e6 elementor-widget elementor-widget-text-editor\" data-id=\"f93a6e6\" data-element_type=\"widget\" data-e-type=\"widget\" data-widget_type=\"text-editor.default\">\n\t\t\t\t<div class=\"elementor-widget-container\">\n\t\t\t\t\t\t\t\t\t<p>\u0414\u043b\u044f \u0436\u0438\u0442\u0435\u043b\u0456\u0432 \u043d\u0430\u0448\u043e\u0433\u043e \u043c\u0456\u0441\u0442\u0430 \u043c\u0438 \u043f\u0440\u043e\u043f\u043e\u043d\u0443\u0454\u043c\u043e \u0437\u043d\u0438\u0436\u043a\u0443 50% \u043d\u0430 \u043a\u0432\u0438\u0442\u043a\u0438 \u0442\u0430 10% \u043d\u0430 \u043e\u0431\u0456\u0434\u043d\u0456 \u0441\u0442\u0440\u0430\u0432\u0438 \u0432 \u0440\u0435\u0441\u0442\u043e\u0440\u0430\u043d\u0456. \u0429\u043e\u0431 \u0441\u043a\u043e\u0440\u0438\u0441\u0442\u0430\u0442\u0438\u0441\u044f \u0446\u0456\u0454\u044e \u0430\u043a\u0446\u0456\u0454\u044e, \u0432\u0438 \u043f\u043e\u0432\u0438\u043d\u043d\u0456 \u043c\u0430\u0442\u0438 \u0430\u043a\u0442\u0438\u0432\u043d\u0443 \u043a\u0430\u0440\u0442\u043a\u0443 \u043c\u0435\u0448\u043a\u0430\u043d\u0446\u044f Wejherowo \u0432 \u0435\u043b\u0435\u043a\u0442\u0440\u043e\u043d\u043d\u0456\u0439 \u0430\u0431\u043e \u0444\u0456\u0437\u0438\u0447\u043d\u0456\u0439 \u0444\u043e\u0440\u043c\u0456. \u0426\u0435 \u043a\u0430\u0440\u0442\u043a\u0430, \u044f\u043a\u0430 \u0434\u043e\u0437\u0432\u043e\u043b\u044f\u0454 \u043a\u043e\u0440\u0438\u0441\u0442\u0443\u0432\u0430\u0442\u0438\u0441\u044f \u0440\u0456\u0437\u043d\u0438\u043c\u0438 \u043f\u043e\u0441\u043b\u0443\u0433\u0430\u043c\u0438 \u0442\u0430 \u0437\u0440\u0443\u0447\u043d\u043e\u0441\u0442\u044f\u043c\u0438, \u0434\u043e\u0441\u0442\u0443\u043f\u043d\u0438\u043c\u0438 \u0432 \u043c\u0456\u0441\u0442\u0456. \u041a\u0430\u0440\u0442\u043a\u0430 \u0436\u0438\u0442\u0435\u043b\u044f \u0442\u0430\u043a\u043e\u0436 \u0454 \u0432\u0430\u0436\u043b\u0438\u0432\u0438\u043c \u0435\u043b\u0435\u043c\u0435\u043d\u0442\u043e\u043c \u0456\u0434\u0435\u043d\u0442\u0438\u0444\u0456\u043a\u0430\u0446\u0456\u0457 \u0442\u0430 \u0456\u043d\u0442\u0435\u0433\u0440\u0430\u0446\u0456\u0457 \u043c\u0456\u0441\u0446\u0435\u0432\u043e\u0457 \u0433\u0440\u043e\u043c\u0430\u0434\u0438.<\/p>\t\t\t\t\t\t\t\t<\/div>\n\t\t\t\t<\/div>\n\t\t\t\t\t<\/div>\n\t\t<\/div>\n\t\t\t\t<div class=\"elementor-column elementor-col-50 elementor-inner-column elementor-element elementor-element-bc788a2\" data-id=\"bc788a2\" data-element_type=\"column\" data-e-type=\"column\" data-settings=\"{&quot;background_background&quot;:&quot;classic&quot;}\">\n\t\t\t<div class=\"elementor-widget-wrap elementor-element-populated\">\n\t\t\t\t\t\t<div class=\"elementor-element elementor-element-ba6318a elementor-widget elementor-widget-spacer\" data-id=\"ba6318a\" data-element_type=\"widget\" data-e-type=\"widget\" data-widget_type=\"spacer.default\">\n\t\t\t\t<div class=\"elementor-widget-container\">\n\t\t\t\t\t\t\t<div class=\"elementor-spacer\">\n\t\t\t<div class=\"elementor-spacer-inner\"><\/div>\n\t\t<\/div>\n\t\t\t\t\t\t<\/div>\n\t\t\t\t<\/div>\n\t\t\t\t\t<\/div>\n\t\t<\/div>\n\t\t\t\t\t<\/div>\n\t\t<\/section>\n\t\t\t\t\t<\/div>\n\t\t<\/div>\n\t\t\t\t\t<\/div>\n\t\t<\/section>\n\t\t\t\t<section class=\"elementor-section elementor-top-section elementor-element elementor-element-11ba87b elementor-section-boxed elementor-section-height-default elementor-section-height-default\" data-id=\"11ba87b\" data-element_type=\"section\" data-e-type=\"section\">\n\t\t\t\t\t\t<div class=\"elementor-container elementor-column-gap-default\">\n\t\t\t\t\t<div class=\"elementor-column elementor-col-100 elementor-top-column elementor-element elementor-element-3403f33\" data-id=\"3403f33\" data-element_type=\"column\" data-e-type=\"column\">\n\t\t\t<div class=\"elementor-widget-wrap elementor-element-populated\">\n\t\t\t\t\t\t<div class=\"elementor-element elementor-element-ae7eec1 elementor-widget elementor-widget-heading\" data-id=\"ae7eec1\" data-element_type=\"widget\" data-e-type=\"widget\" data-widget_type=\"heading.default\">\n\t\t\t\t<div class=\"elementor-widget-container\">\n\t\t\t\t\t<h2 class=\"elementor-heading-title elementor-size-default\">\u0412\u0438\u0431\u0435\u0440\u0456\u0442\u044c \u0441\u0432\u0456\u0439 \u043f\u0430\u043a\u0435\u0442<\/h2>\t\t\t\t<\/div>\n\t\t\t\t<\/div>\n\t\t\t\t<div class=\"elementor-element elementor-element-52d994a elementor-widget-divider--separator-type-pattern elementor-widget-divider--view-line elementor-widget elementor-widget-divider\" data-id=\"52d994a\" data-element_type=\"widget\" data-e-type=\"widget\" data-widget_type=\"divider.default\">\n\t\t\t\t<div class=\"elementor-widget-container\">\n\t\t\t\t\t\t\t<div class=\"elementor-divider\" style=\"--divider-pattern-url: url(&quot;data:image\/svg+xml,%3Csvg xmlns=&#039;http:\/\/www.w3.org\/2000\/svg&#039; preserveAspectRatio=&#039;none&#039; overflow=&#039;visible&#039; height=&#039;100%&#039; viewBox=&#039;0 0 24 24&#039; fill=&#039;none&#039; stroke=&#039;black&#039; stroke-width=&#039;3&#039; stroke-linecap=&#039;square&#039; stroke-miterlimit=&#039;10&#039;%3E%3Cpath d=&#039;M0,6c6,0,0.9,11.1,6.9,11.1S18,6,24,6&#039;\/%3E%3C\/svg%3E&quot;);\">\n\t\t\t<span class=\"elementor-divider-separator\">\n\t\t\t\t\t\t<\/span>\n\t\t<\/div>\n\t\t\t\t\t\t<\/div>\n\t\t\t\t<\/div>\n\t\t\t\t<section class=\"elementor-section elementor-inner-section elementor-element elementor-element-39ec4eb elementor-section-boxed elementor-section-height-default elementor-section-height-default\" data-id=\"39ec4eb\" data-element_type=\"section\" data-e-type=\"section\">\n\t\t\t\t\t\t<div class=\"elementor-container elementor-column-gap-default\">\n\t\t\t\t\t<div class=\"elementor-column elementor-col-25 elementor-inner-column elementor-element elementor-element-8e15010\" data-id=\"8e15010\" data-element_type=\"column\" data-e-type=\"column\">\n\t\t\t<div class=\"elementor-widget-wrap elementor-element-populated\">\n\t\t\t\t\t\t<div class=\"elementor-element elementor-element-e1fc529 elementor-widget elementor-widget-image\" data-id=\"e1fc529\" data-element_type=\"widget\" data-e-type=\"widget\" data-widget_type=\"image.default\">\n\t\t\t\t<div class=\"elementor-widget-container\">\n\t\t\t\t\t\t\t\t\t\t\t\t\t\t\t\t<a href=\"https:\/\/wejherowskakarta.pl\/n-szczegoly-projektu-opis.qbpage?idProjektu=5445\" target=\"_blank\">\n\t\t\t\t\t\t\t<img fetchpriority=\"high\" decoding=\"async\" width=\"464\" height=\"300\" src=\"https:\/\/wodneogrodywejherowo.pl\/wp-content\/uploads\/2023\/06\/mieszkanca.png\" class=\"attachment-large size-large wp-image-548\" alt=\"\" srcset=\"https:\/\/wodneogrodywejherowo.pl\/wp-content\/uploads\/2023\/06\/mieszkanca.png 464w, https:\/\/wodneogrodywejherowo.pl\/wp-content\/uploads\/2023\/06\/mieszkanca-420x272.png 420w, https:\/\/wodneogrodywejherowo.pl\/wp-content\/uploads\/2023\/06\/mieszkanca-18x12.png 18w\" sizes=\"(max-width: 464px) 100vw, 464px\" \/>\t\t\t\t\t\t\t\t<\/a>\n\t\t\t\t\t\t\t\t\t\t\t\t\t\t\t<\/div>\n\t\t\t\t<\/div>\n\t\t\t\t<div class=\"elementor-element elementor-element-fb831b2 elementor-widget elementor-widget-heading\" data-id=\"fb831b2\" data-element_type=\"widget\" data-e-type=\"widget\" data-widget_type=\"heading.default\">\n\t\t\t\t<div class=\"elementor-widget-container\">\n\t\t\t\t\t<h2 class=\"elementor-heading-title elementor-size-default\">Resident Pack<\/h2>\t\t\t\t<\/div>\n\t\t\t\t<\/div>\n\t\t\t\t\t<\/div>\n\t\t<\/div>\n\t\t\t\t<div class=\"elementor-column elementor-col-25 elementor-inner-column elementor-element elementor-element-ffc5734\" data-id=\"ffc5734\" data-element_type=\"column\" data-e-type=\"column\">\n\t\t\t<div class=\"elementor-widget-wrap elementor-element-populated\">\n\t\t\t\t\t\t<div class=\"elementor-element elementor-element-690b6a7 elementor-widget elementor-widget-image\" data-id=\"690b6a7\" data-element_type=\"widget\" data-e-type=\"widget\" data-widget_type=\"image.default\">\n\t\t\t\t<div class=\"elementor-widget-container\">\n\t\t\t\t\t\t\t\t\t\t\t\t\t\t\t\t<a href=\"https:\/\/wejherowskakarta.pl\/n-szczegoly-projektu-opis.qbpage?idProjektu=81408\" target=\"_blank\">\n\t\t\t\t\t\t\t<img decoding=\"async\" width=\"464\" height=\"300\" src=\"https:\/\/wodneogrodywejherowo.pl\/wp-content\/uploads\/2023\/06\/seniora.png\" class=\"attachment-large size-large wp-image-549\" alt=\"\" srcset=\"https:\/\/wodneogrodywejherowo.pl\/wp-content\/uploads\/2023\/06\/seniora.png 464w, https:\/\/wodneogrodywejherowo.pl\/wp-content\/uploads\/2023\/06\/seniora-420x272.png 420w, https:\/\/wodneogrodywejherowo.pl\/wp-content\/uploads\/2023\/06\/seniora-18x12.png 18w\" sizes=\"(max-width: 464px) 100vw, 464px\" \/>\t\t\t\t\t\t\t\t<\/a>\n\t\t\t\t\t\t\t\t\t\t\t\t\t\t\t<\/div>\n\t\t\t\t<\/div>\n\t\t\t\t<div class=\"elementor-element elementor-element-27d6ba6 elementor-widget elementor-widget-heading\" data-id=\"27d6ba6\" data-element_type=\"widget\" data-e-type=\"widget\" data-widget_type=\"heading.default\">\n\t\t\t\t<div class=\"elementor-widget-container\">\n\t\t\t\t\t<h2 class=\"elementor-heading-title elementor-size-default\">\u041f\u0430\u043a\u0435\u0442 \u0434\u043b\u044f \u0441\u0442\u0430\u0440\u0448\u0438\u0445<\/h2>\t\t\t\t<\/div>\n\t\t\t\t<\/div>\n\t\t\t\t\t<\/div>\n\t\t<\/div>\n\t\t\t\t<div class=\"elementor-column elementor-col-25 elementor-inner-column elementor-element elementor-element-2b449da\" data-id=\"2b449da\" data-element_type=\"column\" data-e-type=\"column\">\n\t\t\t<div class=\"elementor-widget-wrap elementor-element-populated\">\n\t\t\t\t\t\t<div class=\"elementor-element elementor-element-c6a35cf elementor-widget elementor-widget-image\" data-id=\"c6a35cf\" data-element_type=\"widget\" data-e-type=\"widget\" data-widget_type=\"image.default\">\n\t\t\t\t<div class=\"elementor-widget-container\">\n\t\t\t\t\t\t\t\t\t\t\t\t\t\t\t\t<a href=\"https:\/\/wejherowskakarta.pl\/n-szczegoly-projektu-opis.qbpage?idProjektu=81404\" target=\"_blank\">\n\t\t\t\t\t\t\t<img decoding=\"async\" width=\"464\" height=\"300\" src=\"https:\/\/wodneogrodywejherowo.pl\/wp-content\/uploads\/2023\/06\/bezplatnej_komunikacji.png\" class=\"attachment-large size-large wp-image-550\" alt=\"\" srcset=\"https:\/\/wodneogrodywejherowo.pl\/wp-content\/uploads\/2023\/06\/bezplatnej_komunikacji.png 464w, https:\/\/wodneogrodywejherowo.pl\/wp-content\/uploads\/2023\/06\/bezplatnej_komunikacji-420x272.png 420w, https:\/\/wodneogrodywejherowo.pl\/wp-content\/uploads\/2023\/06\/bezplatnej_komunikacji-18x12.png 18w\" sizes=\"(max-width: 464px) 100vw, 464px\" \/>\t\t\t\t\t\t\t\t<\/a>\n\t\t\t\t\t\t\t\t\t\t\t\t\t\t\t<\/div>\n\t\t\t\t<\/div>\n\t\t\t\t<div class=\"elementor-element elementor-element-08f5888 elementor-widget elementor-widget-heading\" data-id=\"08f5888\" data-element_type=\"widget\" data-e-type=\"widget\" data-widget_type=\"heading.default\">\n\t\t\t\t<div class=\"elementor-widget-container\">\n\t\t\t\t\t<h2 class=\"elementor-heading-title elementor-size-default\">\u0411\u0435\u0437\u043a\u043e\u0448\u0442\u043e\u0432\u043d\u0438\u0439 \u043f\u0430\u043a\u0435\u0442 \u0441\u043f\u0456\u043b\u043a\u0443\u0432\u0430\u043d\u043d\u044f \u0434\u043b\u044f \u0434\u0456\u0442\u0435\u0439 \u0448\u043a\u0456\u043b\u044c\u043d\u043e\u0433\u043e \u0432\u0456\u043a\u0443<\/h2>\t\t\t\t<\/div>\n\t\t\t\t<\/div>\n\t\t\t\t\t<\/div>\n\t\t<\/div>\n\t\t\t\t<div class=\"elementor-column elementor-col-25 elementor-inner-column elementor-element elementor-element-380bde0\" data-id=\"380bde0\" data-element_type=\"column\" data-e-type=\"column\">\n\t\t\t<div class=\"elementor-widget-wrap elementor-element-populated\">\n\t\t\t\t\t\t<div class=\"elementor-element elementor-element-598211a elementor-widget elementor-widget-image\" data-id=\"598211a\" data-element_type=\"widget\" data-e-type=\"widget\" data-widget_type=\"image.default\">\n\t\t\t\t<div class=\"elementor-widget-container\">\n\t\t\t\t\t\t\t\t\t\t\t\t\t\t\t\t<a href=\"https:\/\/wejherowskakarta.pl\/n-szczegoly-projektu-opis.qbpage?idProjektu=193937\" target=\"_blank\">\n\t\t\t\t\t\t\t<img loading=\"lazy\" decoding=\"async\" width=\"464\" height=\"300\" src=\"https:\/\/wodneogrodywejherowo.pl\/wp-content\/uploads\/2023\/06\/eko.png\" class=\"attachment-large size-large wp-image-551\" alt=\"\" srcset=\"https:\/\/wodneogrodywejherowo.pl\/wp-content\/uploads\/2023\/06\/eko.png 464w, https:\/\/wodneogrodywejherowo.pl\/wp-content\/uploads\/2023\/06\/eko-420x272.png 420w, https:\/\/wodneogrodywejherowo.pl\/wp-content\/uploads\/2023\/06\/eko-18x12.png 18w\" sizes=\"(max-width: 464px) 100vw, 464px\" \/>\t\t\t\t\t\t\t\t<\/a>\n\t\t\t\t\t\t\t\t\t\t\t\t\t\t\t<\/div>\n\t\t\t\t<\/div>\n\t\t\t\t<div class=\"elementor-element elementor-element-ee4d97a elementor-widget elementor-widget-heading\" data-id=\"ee4d97a\" data-element_type=\"widget\" data-e-type=\"widget\" data-widget_type=\"heading.default\">\n\t\t\t\t<div class=\"elementor-widget-container\">\n\t\t\t\t\t<h2 class=\"elementor-heading-title elementor-size-default\">\u0415\u041a\u041e \u043f\u0430\u043a\u0435\u0442<\/h2>\t\t\t\t<\/div>\n\t\t\t\t<\/div>\n\t\t\t\t\t<\/div>\n\t\t<\/div>\n\t\t\t\t\t<\/div>\n\t\t<\/section>\n\t\t\t\t<div class=\"elementor-element elementor-element-f6522fa elementor-mobile-align-justify elementor-align-center elementor-widget elementor-widget-button\" data-id=\"f6522fa\" data-element_type=\"widget\" data-e-type=\"widget\" data-widget_type=\"button.default\">\n\t\t\t\t<div class=\"elementor-widget-container\">\n\t\t\t\t\t\t\t\t\t<div class=\"elementor-button-wrapper\">\n\t\t\t\t\t<a class=\"elementor-button elementor-button-link elementor-size-sm\" href=\"https:\/\/wejherowskakarta.pl\/n-lista-projektow.qbpage\" target=\"_blank\">\n\t\t\t\t\t\t<span class=\"elementor-button-content-wrapper\">\n\t\t\t\t\t\t\t\t\t<span class=\"elementor-button-text\">\u0411\u0456\u043b\u044c\u0448\u0435 \u0456\u043d\u0444\u043e\u0440\u043c\u0430\u0446\u0456\u0457 \u043f\u0440\u043e \u043f\u0430\u043a\u0435\u0442\u0438<\/span>\n\t\t\t\t\t<\/span>\n\t\t\t\t\t<\/a>\n\t\t\t\t<\/div>\n\t\t\t\t\t\t\t\t<\/div>\n\t\t\t\t<\/div>\n\t\t\t\t\t<\/div>\n\t\t<\/div>\n\t\t\t\t\t<\/div>\n\t\t<\/section>\n\t\t\t\t<\/div>","protected":false},"excerpt":{"rendered":"<p>Karta mieszka\u0144ca Wejherowska karta mieszka\u0144ca Jedna karta.Wiele mo\u017cliwo\u015bci! Z my\u015bl\u0105 o mieszka\u0144cach naszego miasta, oferujemy zni\u017ck\u0119 w wysoko\u015bci 50% na bilety oraz 10% na dania obiadowe w restauracji. W celu skorzystania z tej promocji nale\u017cy przynie\u015b\u0107 aktywn\u0105 Wejherowsk\u0105 kart\u0119 mieszka\u0144ca w formie elektronicznej lub fizycznej. Jest to karta, kt\u00f3ra umo\u017cliwia korzystanie z r\u00f3\u017cnych us\u0142ug i [&hellip;]<\/p>\n","protected":false},"author":6,"featured_media":0,"parent":0,"menu_order":0,"comment_status":"closed","ping_status":"closed","template":"elementor_header_footer","meta":{"om_disable_all_campaigns":false,"_monsterinsights_skip_tracking":false,"_monsterinsights_sitenote_active":false,"_monsterinsights_sitenote_note":"","_monsterinsights_sitenote_category":0,"footnotes":""},"class_list":["post-545","page","type-page","status-publish","hentry","entry"],"aioseo_notices":[],"_links":{"self":[{"href":"https:\/\/wodneogrodywejherowo.pl\/uk\/wp-json\/wp\/v2\/pages\/545","targetHints":{"allow":["GET"]}}],"collection":[{"href":"https:\/\/wodneogrodywejherowo.pl\/uk\/wp-json\/wp\/v2\/pages"}],"about":[{"href":"https:\/\/wodneogrodywejherowo.pl\/uk\/wp-json\/wp\/v2\/types\/page"}],"author":[{"embeddable":true,"href":"https:\/\/wodneogrodywejherowo.pl\/uk\/wp-json\/wp\/v2\/users\/6"}],"replies":[{"embeddable":true,"href":"https:\/\/wodneogrodywejherowo.pl\/uk\/wp-json\/wp\/v2\/comments?post=545"}],"version-history":[{"count":13,"href":"https:\/\/wodneogrodywejherowo.pl\/uk\/wp-json\/wp\/v2\/pages\/545\/revisions"}],"predecessor-version":[{"id":881,"href":"https:\/\/wodneogrodywejherowo.pl\/uk\/wp-json\/wp\/v2\/pages\/545\/revisions\/881"}],"wp:attachment":[{"href":"https:\/\/wodneogrodywejherowo.pl\/uk\/wp-json\/wp\/v2\/media?parent=545"}],"curies":[{"name":"wp","href":"https:\/\/api.w.org\/{rel}","templated":true}]}}